{"id":1292,"date":"2021-05-30T18:26:45","date_gmt":"2021-05-30T15:26:45","guid":{"rendered":"https:\/\/globsoar.com\/ueber\/"},"modified":"2024-11-11T00:18:46","modified_gmt":"2024-11-10T21:18:46","slug":"ueber","status":"publish","type":"page","link":"https:\/\/globsoar.com\/de\/ueber\/","title":{"rendered":"\u00dcber"},"content":{"rendered":"<section class=\"gb-container gb-container-fdbd6300\">\n<div class=\"gb-container gb-container-d653cc98\">\n<div class=\"gb-container gb-container-c1544595\">\n\n<h2 class=\"gb-headline gb-headline-b526b385\"><span class=\"gb-icon\"><svg xmlns=\"http:\/\/www.w3.org\/2000\/svg\" viewbox=\"0 0 80 42\" data-name=\"subtract\"><path d=\"M0 20.06h80v1.87H0z\"><\/path><\/svg><\/span><span class=\"gb-headline-text\">\u00dcBER GLOBSOAR<\/span><\/h2>\n\n\n\n<h2 class=\"gb-headline gb-headline-a14ed650 gb-headline-text\"><mark style=\"background-color:rgba(0, 0, 0, 0)\" class=\"has-inline-color has-accent-color\"> Projektentwicklung<\/mark> und Werbung<\/h2>\n\n\n\n<p>Damit Ihre Krypto-Projekte ein gro\u00dfes Publikum erreichen und mit Zuverl\u00e4ssigkeit bevorzugt werden.<\/p>\n\n\n\n<p class=\"gb-headline gb-headline-e3d9f3f4\"><span class=\"gb-icon\"><svg xmlns=\"http:\/\/www.w3.org\/2000\/svg\" aria-hidden=\"true\" role=\"img\" height=\"1em\" width=\"1em\" viewbox=\"0 0 256 512\"><path fill=\"currentColor\" d=\"M224.3 273l-136 136c-9.4 9.4-24.6 9.4-33.9 0l-22.6-22.6c-9.4-9.4-9.4-24.6 0-33.9l96.4-96.4-96.4-96.4c-9.4-9.4-9.4-24.6 0-33.9L54.3 103c9.4-9.4 24.6-9.4 33.9 0l136 136c9.5 9.4 9.5 24.6.1 34z\"><\/path><\/svg><\/span><span class=\"gb-headline-text\">Gleichzeitige Verbindung mit international anerkannten <mark style=\"background-color:rgba(0, 0, 0, 0)\" class=\"has-inline-color has-accent-color\">Influencer Accounts<\/mark><\/span><\/p>\n\n\n\n<p class=\"gb-headline gb-headline-505b7a61\"><span class=\"gb-icon\"><svg xmlns=\"http:\/\/www.w3.org\/2000\/svg\" aria-hidden=\"true\" role=\"img\" height=\"1em\" width=\"1em\" viewbox=\"0 0 256 512\"><path fill=\"currentColor\" d=\"M224.3 273l-136 136c-9.4 9.4-24.6 9.4-33.9 0l-22.6-22.6c-9.4-9.4-9.4-24.6 0-33.9l96.4-96.4-96.4-96.4c-9.4-9.4-9.4-24.6 0-33.9L54.3 103c9.4-9.4 24.6-9.4 33.9 0l136 136c9.5 9.4 9.5 24.6.1 34z\"><\/path><\/svg><\/span><span class=\"gb-headline-text\">Hunderte von <mark style=\"background-color:rgba(0, 0, 0, 0)\" class=\"has-inline-color has-accent-color\">Nachrichtenseiten<\/mark> <\/span><\/p>\n\n\n\n<p class=\"gb-headline gb-headline-83dd79e7\"><span class=\"gb-icon\"><svg xmlns=\"http:\/\/www.w3.org\/2000\/svg\" aria-hidden=\"true\" role=\"img\" height=\"1em\" width=\"1em\" viewbox=\"0 0 256 512\"><path fill=\"currentColor\" d=\"M224.3 273l-136 136c-9.4 9.4-24.6 9.4-33.9 0l-22.6-22.6c-9.4-9.4-9.4-24.6 0-33.9l96.4-96.4-96.4-96.4c-9.4-9.4-9.4-24.6 0-33.9L54.3 103c9.4-9.4 24.6-9.4 33.9 0l136 136c9.5 9.4 9.5 24.6.1 34z\"><\/path><\/svg><\/span><span class=\"gb-headline-text\">Absoluter Gewinn<\/span><\/p>\n\n<\/div>\n\n<div class=\"gb-container gb-container-b910f0a6\">\n\n<figure class=\"wp-block-image size-full is-resized\"><img decoding=\"async\" src=\"https:\/\/globsoar.com\/wp-content\/uploads\/2021\/06\/about_vector.svg\" alt=\"&#xDC;ber den Vektor\" class=\"wp-image-373\" style=\"width:526px;height:361px\"\/><\/figure>\n\n<\/div>\n<\/div>\n<div class=\"gb-shapes\"><div class=\"gb-shape gb-shape-1\"><svg xmlns=\"http:\/\/www.w3.org\/2000\/svg\" viewBox=\"0 0 1200 230.8\" preserveAspectRatio=\"none\"><path d=\"M1200 179.5l-22.2-26.7c-22.2-26.7-66.9-80-111.1-75.6-44.4 4.8-89.2 66.4-133.3 102.2-44.4 35.8-89.2 44.2-133.3 8.9-44.4-35.6-89.2-115.6-133.3-155.6-44.4-40-89.2-40-133.3-17.8C488.9 37 444.2 82 400 81.7c-44.4.2-89.2-44.8-133.3-57.8-44.4-13.6-89.2 4.8-133.3 26.7-44.5 22.2-89.2 48.9-110.9 62.2L0 126.1v104.7H1199.7l.3-51.3z\"\/><\/svg><\/div><\/div><\/section><section class=\"gb-container gb-container-5f2b947d\">\n<div class=\"gb-container gb-container-a955004c\">\n\n<h2 class=\"gb-headline gb-headline-a163fdff gb-headline-text\">Wir machen es sehr einfach<\/h2>\n\n\n\n<p style=\"font-size:22px\">Verbinden Sie sich und profitieren Sie von der Zusammenarbeit.<\/p>\n\n\n\n<a class=\"gb-button gb-button-234c2d58 gb-button-text\" href=\"https:\/\/wa.me\/+447731667798?text=Hello,%20I%20request%20an%20online%20meeting%20(globsoar.com)%22&gt;%20click%20here\">Partnerschaft<\/a>\n\n<\/div>\n\n<div class=\"gb-container gb-container-31111a3b\">\n\n<h3 class=\"gb-headline gb-headline-42ddb2c0\"><span class=\"gb-icon\"><svg xmlns=\"http:\/\/www.w3.org\/2000\/svg\" aria-hidden=\"true\" role=\"img\" height=\"1em\" width=\"1em\" viewbox=\"0 0 512 512\"><path fill=\"currentColor\" d=\"M493.4 24.6l-104-24c-11.3-2.6-22.9 3.3-27.5 13.9l-48 112c-4.2 9.8-1.4 21.3 6.9 28l60.6 49.6c-36 76.7-98.9 140.5-177.2 177.2l-49.6-60.6c-6.8-8.3-18.2-11.1-28-6.9l-112 48C3.9 366.5-2 378.1.6 389.4l24 104C27.1 504.2 36.7 512 48 512c256.1 0 464-207.5 464-464 0-11.2-7.7-20.9-18.6-23.4z\"><\/path><\/svg><\/span><span class=\"gb-headline-text\">Verbindung<\/span><\/h3>\n\n\n\n<p class=\"gb-headline gb-headline-04f1ea76 gb-headline-text\">Vernetzen Sie sich und lernen Sie uns kennen. Lassen Sie uns anhand unserer Referenzen erl\u00e4utern, was wir f\u00fcr Sie tun werden. <\/p>\n\n\n\n<h3 class=\"gb-headline gb-headline-685d1b62\"><span class=\"gb-icon\"><svg xmlns=\"http:\/\/www.w3.org\/2000\/svg\" aria-hidden=\"true\" role=\"img\" height=\"1em\" width=\"1em\" viewbox=\"0 0 448 512\"><path fill=\"currentColor\" d=\"M400 480H48c-26.51 0-48-21.49-48-48V80c0-26.51 21.49-48 48-48h352c26.51 0 48 21.49 48 48v352c0 26.51-21.49 48-48 48zm-204.686-98.059l184-184c6.248-6.248 6.248-16.379 0-22.627l-22.627-22.627c-6.248-6.248-16.379-6.249-22.628 0L184 302.745l-70.059-70.059c-6.248-6.248-16.379-6.248-22.628 0l-22.627 22.627c-6.248 6.248-6.248 16.379 0 22.627l104 104c6.249 6.25 16.379 6.25 22.628.001z\"><\/path><\/svg><\/span><span class=\"gb-headline-text\">Vereinbarung<\/span><\/h3>\n\n\n\n<p class=\"gb-headline gb-headline-2f966094 gb-headline-text\">Lassen Sie uns eine endg\u00fcltige Vereinbarung \u00fcber die Werbung und den Nutzen Ihres Projekts treffen.<\/p>\n\n\n\n<h3 class=\"gb-headline gb-headline-e229a232\"><span class=\"gb-icon\"><svg xmlns=\"http:\/\/www.w3.org\/2000\/svg\" viewbox=\"0 0 512 512\"><path d=\"M0 405.3V448c0 35.3 86 64 192 64s192-28.7 192-64v-42.7C342.7 434.4 267.2 448 192 448S41.3 434.4 0 405.3zM320 128c106 0 192-28.7 192-64S426 0 320 0 128 28.7 128 64s86 64 192 64zM0 300.4V352c0 35.3 86 64 192 64s192-28.7 192-64v-51.6c-41.3 34-116.9 51.6-192 51.6S41.3 334.4 0 300.4zm416 11c57.3-11.1 96-31.7 96-55.4v-42.7c-23.2 16.4-57.3 27.6-96 34.5v63.6zM192 160C86 160 0 195.8 0 240s86 80 192 80 192-35.8 192-80-86-80-192-80zm219.3 56.3c60-10.8 100.7-32 100.7-56.3v-42.7c-35.5 25.1-96.5 38.6-160.7 41.8 29.5 14.3 51.2 33.5 60 57.2z\"><\/path><\/svg><\/span><span class=\"gb-headline-text\">Verdienen<\/span><\/h3>\n\n\n\n<p class=\"gb-headline gb-headline-dffafe7c gb-headline-text\">Lassen Sie uns gewinnen, denn Ihr Projekt hat sein Ziel erreicht und wir haben unsere Arbeit richtig gemacht.<\/p>\n\n<\/div>\n<\/section><section class=\"gb-container gb-container-00032283\">\n<div class=\"gb-container gb-container-138fc32c\">\n<div class=\"gb-grid-wrapper gb-grid-wrapper-294048d8\">\n<div class=\"gb-grid-column gb-grid-column-a2f60060\"><div class=\"gb-container gb-container-a2f60060\">\n\n<p class=\"gb-headline gb-headline-96afd785 gb-headline-text\">282<\/p>\n\n\n\n<p class=\"gb-headline gb-headline-2e4c579e gb-headline-text\">Zufriedene Benutzer<\/p>\n\n<\/div><\/div>\n\n<div class=\"gb-grid-column gb-grid-column-6928a2bf\"><div class=\"gb-container gb-container-6928a2bf\">\n\n<p class=\"gb-headline gb-headline-de8474f5 gb-headline-text\">1478<\/p>\n\n\n\n<p class=\"gb-headline gb-headline-d00f6019 gb-headline-text\">Transaktionen<\/p>\n\n<\/div><\/div>\n\n<div class=\"gb-grid-column gb-grid-column-43b4aee2\"><div class=\"gb-container gb-container-43b4aee2\">\n\n<p class=\"gb-headline gb-headline-3aca3518 gb-headline-text\">285<\/p>\n\n\n\n<p class=\"gb-headline gb-headline-9ce698c0 gb-headline-text\">Investoren<\/p>\n\n<\/div><\/div>\n\n<div class=\"gb-grid-column gb-grid-column-8c949490\"><div class=\"gb-container gb-container-8c949490\">\n\n<p class=\"gb-headline gb-headline-bf175163 gb-headline-text\">3<\/p>\n\n\n\n<p class=\"gb-headline gb-headline-52d2fe77 gb-headline-text\">Aktive Server<\/p>\n\n<\/div><\/div>\n<\/div>\n<\/div>\n<\/section>","protected":false},"excerpt":{"rendered":"<p>\u00dcBER GLOBSOAR Projektentwicklung und Werbung Damit Ihre Krypto-Projekte ein gro\u00dfes Publikum erreichen und mit Zuverl\u00e4ssigkeit bevorzugt werden. Gleichzeitige Verbindung mit international anerkannten Influencer Accounts Hunderte von Nachrichtenseiten Absoluter Gewinn Wir machen es sehr einfach Verbinden Sie sich und profitieren Sie von der Zusammenarbeit. Verbindung Vernetzen Sie sich und lernen Sie uns kennen. Lassen Sie uns &#8230; <a title=\"\u00dcber\" class=\"read-more\" href=\"https:\/\/globsoar.com\/de\/ueber\/\" aria-label=\"Mehr Informationen \u00fcber \u00dcber\">Weiterlesen &#8230;<\/a><\/p>\n","protected":false},"author":1,"featured_media":0,"parent":0,"menu_order":0,"comment_status":"closed","ping_status":"closed","template":"","meta":{"footnotes":""},"class_list":["post-1292","page","type-page","status-publish"],"_links":{"self":[{"href":"https:\/\/globsoar.com\/de\/wp-json\/wp\/v2\/pages\/1292","targetHints":{"allow":["GET"]}}],"collection":[{"href":"https:\/\/globsoar.com\/de\/wp-json\/wp\/v2\/pages"}],"about":[{"href":"https:\/\/globsoar.com\/de\/wp-json\/wp\/v2\/types\/page"}],"author":[{"embeddable":true,"href":"https:\/\/globsoar.com\/de\/wp-json\/wp\/v2\/users\/1"}],"replies":[{"embeddable":true,"href":"https:\/\/globsoar.com\/de\/wp-json\/wp\/v2\/comments?post=1292"}],"version-history":[{"count":4,"href":"https:\/\/globsoar.com\/de\/wp-json\/wp\/v2\/pages\/1292\/revisions"}],"predecessor-version":[{"id":1739,"href":"https:\/\/globsoar.com\/de\/wp-json\/wp\/v2\/pages\/1292\/revisions\/1739"}],"wp:attachment":[{"href":"https:\/\/globsoar.com\/de\/wp-json\/wp\/v2\/media?parent=1292"}],"curies":[{"name":"wp","href":"https:\/\/api.w.org\/{rel}","templated":true}]}}