{"id":1520,"date":"2021-05-30T14:08:16","date_gmt":"2021-05-30T11:08:16","guid":{"rendered":"https:\/\/globsoar.com\/ev\/"},"modified":"2024-11-23T15:11:11","modified_gmt":"2024-11-23T12:11:11","slug":"anasayfa","status":"publish","type":"page","link":"https:\/\/globsoar.com\/tr\/","title":{"rendered":"Anasayfa"},"content":{"rendered":"<section class=\"gb-container gb-container-190ba00e\">\n<div class=\"gb-container gb-container-f6578a71\">\n<div class=\"gb-container gb-container-69101d0b\">\n\n<h1 class=\"gb-headline gb-headline-d9dff7c5 gb-headline-text\"><mark class=\"gb-highlight\">Blockchain<\/mark> ve <mark class=\"gb-highlight\">Kripto Para<\/mark> Dan\u0131\u015fmanl\u0131\u011f\u0131 ve Reklamc\u0131l\u0131\u011f\u0131<\/h1>\n\n\n\n<p class=\"has-white-color has-text-color\"><mark style=\"background-color:rgba(0, 0, 0, 0)\" class=\"has-inline-color has-accent-color\">Kripto para projelerinizin<\/mark> sosyal medyada geni\u015f kitlelere ula\u015fmas\u0131n\u0131 ve <mark style=\"background-color:rgba(0, 0, 0, 0)\" class=\"has-inline-color has-accent-color\">hedeflerine<\/mark> ula\u015fmas\u0131n\u0131 sa\u011flamak i\u00e7in bizimle \u00e7al\u0131\u015f\u0131n.<\/p>\n\n\n\n<a class=\"gb-button gb-button-3463b042 gb-button-text\" href=\"https:\/\/wa.me\/+447731667798?text=Hello,%20I%20request%20an%20online%20meeting%20(globsoar.com)%22&gt;%20click%20here\">Bize Ula\u015f\u0131n<\/a>\n\n<\/div>\n\n<div class=\"gb-container gb-container-54106995\">\n\n<figure class=\"wp-block-image size-full is-resized\"><img decoding=\"async\" src=\"https:\/\/globsoar.com\/wp-content\/uploads\/2021\/05\/bitcoin_inside_circle.svg\" alt=\"Bitcoin i&#xE7; &#xE7;emberi\" class=\"wp-image-94\" style=\"width:400px;height:400px\"\/><\/figure>\n\n<\/div>\n<\/div>\n<div class=\"gb-shapes\"><div class=\"gb-shape gb-shape-1\"><svg xmlns=\"http:\/\/www.w3.org\/2000\/svg\" viewBox=\"0 0 1200 130.3\" preserveAspectRatio=\"none\"><path d=\"M0 107.9l40-22.2c40-21.9 120-66.9 200-62.2 80 4.4 160 57.8 240 53.3C560 72 640 10.4 720 1.2S880 37 960 59c80 22.3 160 22.3 200 22.3h40v49H0v-22.4z\"\/><\/svg><\/div><\/div><\/section><section class=\"gb-container gb-container-fdbd6300\">\n<div class=\"gb-container gb-container-f21ce1dd\">\n<div class=\"gb-container gb-container-b910f0a6\">\n\n<figure class=\"wp-block-image size-large is-resized\"><img loading=\"lazy\" decoding=\"async\" width=\"1024\" height=\"666\" src=\"https:\/\/globsoar.com\/wp-content\/uploads\/2023\/12\/2220-1024x666.webp\" alt=\"\" class=\"wp-image-1462\" style=\"width:536px;height:auto\" srcset=\"https:\/\/globsoar.com\/wp-content\/uploads\/2023\/12\/2220-1024x666.webp 1024w, https:\/\/globsoar.com\/wp-content\/uploads\/2023\/12\/2220-300x195.webp 300w, https:\/\/globsoar.com\/wp-content\/uploads\/2023\/12\/2220-768x500.webp 768w, https:\/\/globsoar.com\/wp-content\/uploads\/2023\/12\/2220-1536x999.webp 1536w, https:\/\/globsoar.com\/wp-content\/uploads\/2023\/12\/2220-2048x1332.webp 2048w\" sizes=\"auto, (max-width: 1024px) 100vw, 1024px\" \/><\/figure>\n\n<\/div>\n\n<div class=\"gb-container gb-container-32e1430d\">\n\n<h2 class=\"gb-headline gb-headline-c6416161\"><span class=\"gb-icon\"><svg xmlns=\"http:\/\/www.w3.org\/2000\/svg\" viewbox=\"0 0 80 42\" data-name=\"subtract\"><path d=\"M0 20.06h80v1.87H0z\"><\/path><\/svg><\/span><span class=\"gb-headline-text\">Projelerinizde mutlak kar<\/span><\/h2>\n\n\n\n<h2 class=\"gb-headline gb-headline-fcccb11c gb-headline-text\">Fenomenler bizimle<\/h2>\n\n\n\n<p>Projelerinizi geni\u015f kitlelere sahip sosyal medya fenomenleri, b\u00fcy\u00fck haber siteleri vb. Bir\u00e7ok platformda tan\u0131tabiliriz. <\/p>\n\n\n\n<p class=\"gb-headline gb-headline-7196996c\"><span class=\"gb-icon\"><svg xmlns=\"http:\/\/www.w3.org\/2000\/svg\" aria-hidden=\"true\" role=\"img\" height=\"1em\" width=\"1em\" viewbox=\"0 0 256 512\"><path fill=\"currentColor\" d=\"M224.3 273l-136 136c-9.4 9.4-24.6 9.4-33.9 0l-22.6-22.6c-9.4-9.4-9.4-24.6 0-33.9l96.4-96.4-96.4-96.4c-9.4-9.4-9.4-24.6 0-33.9L54.3 103c9.4-9.4 24.6-9.4 33.9 0l136 136c9.5 9.4 9.5 24.6.1 34z\"><\/path><\/svg><\/span><span class=\"gb-headline-text\">En pop\u00fcler <mark style=\"background-color:rgba(0, 0, 0, 0)\" class=\"has-inline-color has-accent-color\"><strong>fenomenler<\/strong><\/mark> d\u00fcnyada.<\/span><\/p>\n\n\n\n<p class=\"gb-headline gb-headline-d590db48\"><span class=\"gb-icon\"><svg xmlns=\"http:\/\/www.w3.org\/2000\/svg\" aria-hidden=\"true\" role=\"img\" height=\"1em\" width=\"1em\" viewbox=\"0 0 256 512\"><path fill=\"currentColor\" d=\"M224.3 273l-136 136c-9.4 9.4-24.6 9.4-33.9 0l-22.6-22.6c-9.4-9.4-9.4-24.6 0-33.9l96.4-96.4-96.4-96.4c-9.4-9.4-9.4-24.6 0-33.9L54.3 103c9.4-9.4 24.6-9.4 33.9 0l136 136c9.5 9.4 9.5 24.6.1 34z\"><\/path><\/svg><\/span><span class=\"gb-headline-text\">Youtube b\u00fcy\u00fck kanal <mark class=\"gb-highlight\"><mark style=\"background-color:rgba(0, 0, 0, 0)\" class=\"has-inline-color has-accent-color\"><strong>sahipleri<\/strong><\/mark><\/mark>.<\/span><\/p>\n\n\n\n<p class=\"gb-headline gb-headline-816b4cd6\"><span class=\"gb-icon\"><svg xmlns=\"http:\/\/www.w3.org\/2000\/svg\" aria-hidden=\"true\" role=\"img\" height=\"1em\" width=\"1em\" viewbox=\"0 0 256 512\"><path fill=\"currentColor\" d=\"M224.3 273l-136 136c-9.4 9.4-24.6 9.4-33.9 0l-22.6-22.6c-9.4-9.4-9.4-24.6 0-33.9l96.4-96.4-96.4-96.4c-9.4-9.4-9.4-24.6 0-33.9L54.3 103c9.4-9.4 24.6-9.4 33.9 0l136 136c9.5 9.4 9.5 24.6.1 34z\"><\/path><\/svg><\/span><span class=\"gb-headline-text\">Haberler <mark style=\"background-color:rgba(0, 0, 0, 0)\" class=\"has-inline-color has-accent-color\"><strong>kanallar<\/strong><\/mark>.<\/span><\/p>\n\n\n\n<a class=\"gb-button gb-button-e3425edc gb-button-text\" href=\"https:\/\/wa.me\/+447731667798?text=Hello,%20I%20request%20an%20online%20meeting%20(globsoar.com)%22&gt;%20click%20here\">KAZANMAK I\u0307\u00c7I\u0307N BA\u011eLANIN<\/a>\n\n<\/div>\n<\/div>\n\n<div class=\"gb-container gb-container-86ca2c37\">\n<div class=\"gb-container gb-container-c2afa2e6\">\n<div class=\"gb-container gb-container-c5cad277\">\n\n<h2 class=\"wp-block-heading has-text-align-center\">Projenizi T\u00fcm A\u011flarda Duyural\u0131m<\/h2>\n\n\n\n<p class=\"has-text-align-center\">Son teknolojiye sahip pazarlama a\u011f\u0131m\u0131zla yar\u0131n\u0131n merkezi olmak isteyen ba\u015far\u0131 hikayelerinin ajans\u0131d\u0131r.<\/p>\n\n<\/div>\n\n<div class=\"gb-container gb-container-c13becda\">\n\n<figure class=\"wp-block-image size-large\"><img loading=\"lazy\" decoding=\"async\" width=\"1024\" height=\"495\" src=\"https:\/\/globsoar.com\/wp-content\/uploads\/2024\/11\/ec12d4173ebbf2582ac679c705d34b5e-1024x495.webp\" alt=\"\" class=\"wp-image-1786\" srcset=\"https:\/\/globsoar.com\/wp-content\/uploads\/2024\/11\/ec12d4173ebbf2582ac679c705d34b5e-1024x495.webp 1024w, https:\/\/globsoar.com\/wp-content\/uploads\/2024\/11\/ec12d4173ebbf2582ac679c705d34b5e-300x145.webp 300w, https:\/\/globsoar.com\/wp-content\/uploads\/2024\/11\/ec12d4173ebbf2582ac679c705d34b5e-768x371.webp 768w, https:\/\/globsoar.com\/wp-content\/uploads\/2024\/11\/ec12d4173ebbf2582ac679c705d34b5e-1536x743.webp 1536w, https:\/\/globsoar.com\/wp-content\/uploads\/2024\/11\/ec12d4173ebbf2582ac679c705d34b5e.webp 1940w\" sizes=\"auto, (max-width: 1024px) 100vw, 1024px\" \/><\/figure>\n\n<\/div>\n<\/div>\n<\/div>\n<\/section><section class=\"gb-container gb-container-8a45a45f\">\n<div class=\"gb-container gb-container-ad4503f9\">\n<div class=\"gb-container gb-container-c0c76b75\">\n\n<h2 class=\"gb-headline gb-headline-dd2f3fd7\"><span class=\"gb-icon\"><svg xmlns=\"http:\/\/www.w3.org\/2000\/svg\" viewbox=\"0 0 80 42\" data-name=\"subtract\"><path d=\"M0 20.06h80v1.87H0z\"><\/path><\/svg><\/span><span class=\"gb-headline-text\">G\u00fcvenlik<\/span><\/h2>\n\n\n\n<h2 class=\"gb-headline gb-headline-aff0c1a7 gb-headline-text\">\u0130\u015fbirli\u011fi anla\u015fmalar\u0131m\u0131z bizimle g\u00fcvende<\/h2>\n\n\n\n<p><strong>Kripto<\/strong> d\u00fcnyas\u0131nda tan\u0131n\u0131rl\u0131\u011f\u0131n\u0131z\u0131 art\u0131r\u0131rken anonim kalmak istiyorsan\u0131z, payla\u015ft\u0131\u011f\u0131n\u0131z her \u015fey bizimle g\u00fcvende.<\/p>\n\n\n\n<p class=\"gb-headline gb-headline-748c900f\"><span class=\"gb-icon\"><svg xmlns=\"http:\/\/www.w3.org\/2000\/svg\" aria-hidden=\"true\" role=\"img\" height=\"1em\" width=\"1em\" viewbox=\"0 0 256 512\"><path fill=\"currentColor\" d=\"M224.3 273l-136 136c-9.4 9.4-24.6 9.4-33.9 0l-22.6-22.6c-9.4-9.4-9.4-24.6 0-33.9l96.4-96.4-96.4-96.4c-9.4-9.4-9.4-24.6 0-33.9L54.3 103c9.4-9.4 24.6-9.4 33.9 0l136 136c9.5 9.4 9.5 24.6.1 34z\"><\/path><\/svg><\/span><span class=\"gb-headline-text\"><strong>\u0130leti\u015fim verileri<\/strong> h\u0131rs\u0131zl\u0131\u011f\u0131 yok<\/span><\/p>\n\n\n\n<p class=\"gb-headline gb-headline-837c7ce4\"><span class=\"gb-icon\"><svg xmlns=\"http:\/\/www.w3.org\/2000\/svg\" aria-hidden=\"true\" role=\"img\" height=\"1em\" width=\"1em\" viewbox=\"0 0 256 512\"><path fill=\"currentColor\" d=\"M224.3 273l-136 136c-9.4 9.4-24.6 9.4-33.9 0l-22.6-22.6c-9.4-9.4-9.4-24.6 0-33.9l96.4-96.4-96.4-96.4c-9.4-9.4-9.4-24.6 0-33.9L54.3 103c9.4-9.4 24.6-9.4 33.9 0l136 136c9.5 9.4 9.5 24.6.1 34z\"><\/path><\/svg><\/span><span class=\"gb-headline-text\">Gizlilik sadece <strong>bir t\u0131k \u00f6tede<\/strong><\/span><\/p>\n\n\n\n<p class=\"gb-headline gb-headline-98e3d2b9\"><span class=\"gb-icon\"><svg xmlns=\"http:\/\/www.w3.org\/2000\/svg\" aria-hidden=\"true\" role=\"img\" height=\"1em\" width=\"1em\" viewbox=\"0 0 256 512\"><path fill=\"currentColor\" d=\"M224.3 273l-136 136c-9.4 9.4-24.6 9.4-33.9 0l-22.6-22.6c-9.4-9.4-9.4-24.6 0-33.9l96.4-96.4-96.4-96.4c-9.4-9.4-9.4-24.6 0-33.9L54.3 103c9.4-9.4 24.6-9.4 33.9 0l136 136c9.5 9.4 9.5 24.6.1 34z\"><\/path><\/svg><\/span><span class=\"gb-headline-text\">Bize g\u00fcvenebilirsiniz.<\/span><\/p>\n\n\n\n<a class=\"gb-button gb-button-e50fa64c gb-button-text\" href=\"https:\/\/wa.me\/+447731667798?text=Hello,%20I%20request%20an%20online%20meeting%20(globsoar.com)%22&gt;%20click%20here\">Reklam \u0130\u015fbirli\u011fi<\/a>\n\n<\/div>\n\n<div class=\"gb-container gb-container-a09b2f0a\">\n\n<figure class=\"wp-block-image size-full is-resized\"><img decoding=\"async\" src=\"https:\/\/globsoar.com\/wp-content\/uploads\/2021\/06\/cryptography.svg\" alt=\"Kriptografi\" class=\"wp-image-168\" style=\"width:411px;height:405px\"\/><\/figure>\n\n<\/div>\n<\/div>\n<\/section><section class=\"gb-container gb-container-e3feaa98\">\n<div class=\"gb-grid-wrapper gb-grid-wrapper-8aea13f1\">\n<div class=\"gb-grid-column gb-grid-column-ba6b213d\"><div class=\"gb-container gb-container-ba6b213d\">\n\n<h3 class=\"gb-headline gb-headline-79a1c004\"><span class=\"gb-icon\"><svg xmlns=\"http:\/\/www.w3.org\/2000\/svg\" aria-hidden=\"true\" role=\"img\" height=\"1em\" width=\"1em\" viewbox=\"0 0 512 512\"><path fill=\"currentColor\" d=\"M466.5 83.7l-192-80a48.15 48.15 0 0 0-36.9 0l-192 80C27.7 91.1 16 108.6 16 128c0 198.5 114.5 335.7 221.5 380.3 11.8 4.9 25.1 4.9 36.9 0C360.1 472.6 496 349.3 496 128c0-19.4-11.7-36.9-29.5-44.3zM256.1 446.3l-.1-381 175.9 73.3c-3.3 151.4-82.1 261.1-175.8 307.7z\"><\/path><\/svg><\/span><span class=\"gb-headline-text\">G\u00fcvenli<\/span><\/h3>\n\n\n\n<p style=\"font-size:15px\">Yat\u0131r\u0131mlar\u0131n\u0131z bizimle g\u00fcvende.<\/p>\n\n\n\n<a class=\"gb-button gb-button-8294bc7f\" href=\"#\"><span class=\"gb-button-text\">Daha Fazla G\u00f6r<\/span><span class=\"gb-icon\"><svg xmlns=\"http:\/\/www.w3.org\/2000\/svg\" viewbox=\"0 0 448 512\" class=\"svg-inline--fa fa-long-arrow-alt-right fa-w-14\" data-icon=\"long-arrow-alt-right\" data-prefix=\"fas\" aria-hidden=\"true\"><path d=\"M313.941 216H12c-6.627 0-12 5.373-12 12v56c0 6.627 5.373 12 12 12h301.941v46.059c0 21.382 25.851 32.09 40.971 16.971l86.059-86.059c9.373-9.373 9.373-24.569 0-33.941l-86.059-86.059c-15.119-15.119-40.971-4.411-40.971 16.971V216z\" fill=\"currentColor\"><\/path><\/svg><\/span><\/a>\n\n<\/div><\/div>\n\n<div class=\"gb-grid-column gb-grid-column-cd6dc470\"><div class=\"gb-container gb-container-cd6dc470\">\n\n<h3 class=\"gb-headline gb-headline-b8105485\"><span class=\"gb-icon\"><svg xmlns=\"http:\/\/www.w3.org\/2000\/svg\" viewbox=\"0 0 384 512\"><path d=\"M377 105L279.1 7c-4.5-4.5-10.6-7-17-7H256v128h128v-6.1c0-6.3-2.5-12.4-7-16.9zm-153 31V0H24C10.7 0 0 10.7 0 24v464c0 13.3 10.7 24 24 24h336c13.3 0 24-10.7 24-24V160H248c-13.2 0-24-10.8-24-24zM64 72c0-4.42 3.58-8 8-8h80c4.42 0 8 3.58 8 8v16c0 4.42-3.58 8-8 8H72c-4.42 0-8-3.58-8-8V72zm0 80v-16c0-4.42 3.58-8 8-8h80c4.42 0 8 3.58 8 8v16c0 4.42-3.58 8-8 8H72c-4.42 0-8-3.58-8-8zm144 263.88V440c0 4.42-3.58 8-8 8h-16c-4.42 0-8-3.58-8-8v-24.29c-11.29-.58-22.27-4.52-31.37-11.35-3.9-2.93-4.1-8.77-.57-12.14l11.75-11.21c2.77-2.64 6.89-2.76 10.13-.73 3.87 2.42 8.26 3.72 12.82 3.72h28.11c6.5 0 11.8-5.92 11.8-13.19 0-5.95-3.61-11.19-8.77-12.73l-45-13.5c-18.59-5.58-31.58-23.42-31.58-43.39 0-24.52 19.05-44.44 42.67-45.07V232c0-4.42 3.58-8 8-8h16c4.42 0 8 3.58 8 8v24.29c11.29.58 22.27 4.51 31.37 11.35 3.9 2.93 4.1 8.77.57 12.14l-11.75 11.21c-2.77 2.64-6.89 2.76-10.13.73-3.87-2.43-8.26-3.72-12.82-3.72h-28.11c-6.5 0-11.8 5.92-11.8 13.19 0 5.95 3.61 11.19 8.77 12.73l45 13.5c18.59 5.58 31.58 23.42 31.58 43.39 0 24.53-19.05 44.44-42.67 45.07z\"><\/path><\/svg><\/span><span class=\"gb-headline-text\">Kolay \u0130\u015flemler<\/span><\/h3>\n\n\n\n<p style=\"font-size:15px\">\u00d6demenizi herhangi bir para biriminde yapabilirsiniz.<\/p>\n\n\n\n<a class=\"gb-button gb-button-3c2d64ca\" href=\"#\"><span class=\"gb-button-text\">Daha Fazla G\u00f6r<\/span><span class=\"gb-icon\"><svg xmlns=\"http:\/\/www.w3.org\/2000\/svg\" viewbox=\"0 0 448 512\" class=\"svg-inline--fa fa-long-arrow-alt-right fa-w-14\" data-icon=\"long-arrow-alt-right\" data-prefix=\"fas\" aria-hidden=\"true\"><path d=\"M313.941 216H12c-6.627 0-12 5.373-12 12v56c0 6.627 5.373 12 12 12h301.941v46.059c0 21.382 25.851 32.09 40.971 16.971l86.059-86.059c9.373-9.373 9.373-24.569 0-33.941l-86.059-86.059c-15.119-15.119-40.971-4.411-40.971 16.971V216z\" fill=\"currentColor\"><\/path><\/svg><\/span><\/a>\n\n<\/div><\/div>\n\n<div class=\"gb-grid-column gb-grid-column-d6489351\"><div class=\"gb-container gb-container-d6489351\">\n\n<h3 class=\"gb-headline gb-headline-df17718e\"><span class=\"gb-icon\"><svg xmlns=\"http:\/\/www.w3.org\/2000\/svg\" aria-hidden=\"true\" role=\"img\" height=\"1em\" width=\"1em\" viewbox=\"0 0 576 512\"><path fill=\"currentColor\" d=\"M576 240c0-23.63-12.95-44.04-32-55.12V32.01C544 23.26 537.02 0 512 0c-7.12 0-14.19 2.38-19.98 7.02l-85.03 68.03C364.28 109.19 310.66 128 256 128H64c-35.35 0-64 28.65-64 64v96c0 35.35 28.65 64 64 64h33.7c-1.39 10.48-2.18 21.14-2.18 32 0 39.77 9.26 77.35 25.56 110.94 5.19 10.69 16.52 17.06 28.4 17.06h74.28c26.05 0 41.69-29.84 25.9-50.56-16.4-21.52-26.15-48.36-26.15-77.44 0-11.11 1.62-21.79 4.41-32H256c54.66 0 108.28 18.81 150.98 52.95l85.03 68.03a32.023 32.023 0 0 0 19.98 7.02c24.92 0 32-22.78 32-32V295.13C563.05 284.04 576 263.63 576 240zm-96 141.42l-33.05-26.44C392.95 311.78 325.12 288 256 288v-96c69.12 0 136.95-23.78 190.95-66.98L480 98.58v282.84z\"><\/path><\/svg><\/span><span class=\"gb-headline-text\">360 Derece Reklam<\/span><\/h3>\n\n\n\n<p style=\"font-size:15px\">Projelerinizi sosyal medyadan haber kanallar\u0131na kadar \u00e7ok boyutlu olarak tan\u0131t\u0131yor ve reklam\u0131n\u0131 yap\u0131yoruz.<\/p>\n\n\n\n<a class=\"gb-button gb-button-6e608fce\" href=\"#\"><span class=\"gb-button-text\">Daha Fazla G\u00f6r<\/span><span class=\"gb-icon\"><svg xmlns=\"http:\/\/www.w3.org\/2000\/svg\" viewbox=\"0 0 448 512\" class=\"svg-inline--fa fa-long-arrow-alt-right fa-w-14\" data-icon=\"long-arrow-alt-right\" data-prefix=\"fas\" aria-hidden=\"true\"><path d=\"M313.941 216H12c-6.627 0-12 5.373-12 12v56c0 6.627 5.373 12 12 12h301.941v46.059c0 21.382 25.851 32.09 40.971 16.971l86.059-86.059c9.373-9.373 9.373-24.569 0-33.941l-86.059-86.059c-15.119-15.119-40.971-4.411-40.971 16.971V216z\" fill=\"currentColor\"><\/path><\/svg><\/span><\/a>\n\n<\/div><\/div>\n\n<div class=\"gb-grid-column gb-grid-column-17699f59\"><div class=\"gb-container gb-container-17699f59\">\n\n<h3 class=\"gb-headline gb-headline-e58f552d\"><span class=\"gb-icon\"><svg xmlns=\"http:\/\/www.w3.org\/2000\/svg\" viewbox=\"0 0 512 512\"><path d=\"M192 208c0-17.67-14.33-32-32-32h-16c-35.35 0-64 28.65-64 64v48c0 35.35 28.65 64 64 64h16c17.67 0 32-14.33 32-32V208zm176 144c35.35 0 64-28.65 64-64v-48c0-35.35-28.65-64-64-64h-16c-17.67 0-32 14.33-32 32v112c0 17.67 14.33 32 32 32h16zM256 0C113.18 0 4.58 118.83 0 256v16c0 8.84 7.16 16 16 16h16c8.84 0 16-7.16 16-16v-16c0-114.69 93.31-208 208-208s208 93.31 208 208h-.12c.08 2.43.12 165.72.12 165.72 0 23.35-18.93 42.28-42.28 42.28H320c0-26.51-21.49-48-48-48h-32c-26.51 0-48 21.49-48 48s21.49 48 48 48h181.72c49.86 0 90.28-40.42 90.28-90.28V256C507.42 118.83 398.82 0 256 0z\"><\/path><\/svg><\/span><span class=\"gb-headline-text\">7\/24 Destek<\/span><\/h3>\n\n\n\n<p style=\"font-size:15px\">T\u00fcm soru ve sorunlar\u0131n\u0131zda bize her zaman kesintisiz ula\u015fabilirsiniz.<\/p>\n\n\n\n<a class=\"gb-button gb-button-39c9e93a\" href=\"#\"><span class=\"gb-button-text\">Daha Fazla G\u00f6r<\/span><span class=\"gb-icon\"><svg xmlns=\"http:\/\/www.w3.org\/2000\/svg\" viewbox=\"0 0 448 512\" class=\"svg-inline--fa fa-long-arrow-alt-right fa-w-14\" data-icon=\"long-arrow-alt-right\" data-prefix=\"fas\" aria-hidden=\"true\"><path d=\"M313.941 216H12c-6.627 0-12 5.373-12 12v56c0 6.627 5.373 12 12 12h301.941v46.059c0 21.382 25.851 32.09 40.971 16.971l86.059-86.059c9.373-9.373 9.373-24.569 0-33.941l-86.059-86.059c-15.119-15.119-40.971-4.411-40.971 16.971V216z\" fill=\"currentColor\"><\/path><\/svg><\/span><\/a>\n\n<\/div><\/div>\n<\/div>\n<\/section><section class=\"gb-container gb-container-417474d4\">\n<div class=\"gb-container gb-container-a955004c\">\n\n<h2 class=\"gb-headline gb-headline-539c30d5\"><span class=\"gb-icon\"><svg xmlns=\"http:\/\/www.w3.org\/2000\/svg\" viewbox=\"0 0 80 42\" data-name=\"subtract\"><path d=\"M0 20.06h80v1.87H0z\"><\/path><\/svg><\/span><span class=\"gb-headline-text\">Nas\u0131l \u00e7al\u0131\u015f\u0131yoruz<\/span><\/h2>\n\n\n\n<h2 class=\"gb-headline gb-headline-a163fdff gb-headline-text\">Ba\u015flamak \u00e7ok kolay<\/h2>\n\n\n\n<p>Bizimle ileti\u015fime ge\u00e7ti\u011finizde projeniz hakk\u0131nda \u00f6n bilgi al\u0131yor ve sizin i\u00e7in neler yapabilece\u011fimiz konusunda sizi bilgilendiriyoruz.<\/p>\n\n\n\n<a class=\"gb-button gb-button-234c2d58 gb-button-text\" href=\"https:\/\/wa.me\/+447731667798?text=Hello,%20I%20request%20an%20online%20meeting%20(globsoar.com)%22&gt;%20click%20here\">Reklam \u0130\u015fbirli\u011fi<\/a>\n\n<\/div>\n\n<div class=\"gb-container gb-container-31111a3b\">\n\n<h3 class=\"gb-headline gb-headline-42ddb2c0\"><span class=\"gb-icon\"><svg xmlns=\"http:\/\/www.w3.org\/2000\/svg\" viewbox=\"0 0 384 512\"><path d=\"M384 112v352c0 26.51-21.49 48-48 48H48c-26.51 0-48-21.49-48-48V112c0-26.51 21.49-48 48-48h80c0-35.29 28.71-64 64-64s64 28.71 64 64h80c26.51 0 48 21.49 48 48zM192 40c-13.255 0-24 10.745-24 24s10.745 24 24 24 24-10.745 24-24-10.745-24-24-24m96 114v-20a6 6 0 00-6-6H102a6 6 0 00-6 6v20a6 6 0 006 6h180a6 6 0 006-6z\"><\/path><\/svg><\/span><span class=\"gb-headline-text\">Bilgi<\/span><\/h3>\n\n\n\n<p style=\"font-size:15px\">Bizimle ileti\u015fime ge\u00e7ti\u011finizde projeniz hakk\u0131nda bilgi al\u0131yoruz. ve kim oldu\u011fumuz ve neler yapabilece\u011fimiz hakk\u0131nda bilgi veriyoruz. <\/p>\n\n\n\n<h3 class=\"gb-headline gb-headline-685d1b62\"><span class=\"gb-icon\"><svg xmlns=\"http:\/\/www.w3.org\/2000\/svg\" aria-hidden=\"true\" role=\"img\" height=\"1em\" width=\"1em\" viewbox=\"0 0 496 512\"><path fill=\"currentColor\" d=\"M248 8C111 8 0 119 0 256s111 248 248 248 248-111 248-248S385 8 248 8zm0 96c48.6 0 88 39.4 88 88s-39.4 88-88 88-88-39.4-88-88 39.4-88 88-88zm0 344c-58.7 0-111.3-26.6-146.5-68.2 18.8-35.4 55.6-59.8 98.5-59.8 2.4 0 4.8.4 7.1 1.1 13 4.2 26.6 6.9 40.9 6.9 14.3 0 28-2.7 40.9-6.9 2.3-.7 4.7-1.1 7.1-1.1 42.9 0 79.7 24.4 98.5 59.8C359.3 421.4 306.7 448 248 448z\"><\/path><\/svg><\/span><span class=\"gb-headline-text\">Ger\u00e7ek m\u00fc\u015fteri potansiyeli ve getirileri<\/span><\/h3>\n\n\n\n<p style=\"font-size:15px\">Projenizi tan\u0131tmaya ba\u015flad\u0131\u011f\u0131m\u0131zda, planlanan hedeflere ula\u015ft\u0131\u011f\u0131n\u0131z\u0131 kesinlikle g\u00f6receksiniz.<\/p>\n\n\n\n<h3 class=\"gb-headline gb-headline-e229a232\"><span class=\"gb-icon\"><svg xmlns=\"http:\/\/www.w3.org\/2000\/svg\" viewbox=\"0 0 512 512\"><path d=\"M0 405.3V448c0 35.3 86 64 192 64s192-28.7 192-64v-42.7C342.7 434.4 267.2 448 192 448S41.3 434.4 0 405.3zM320 128c106 0 192-28.7 192-64S426 0 320 0 128 28.7 128 64s86 64 192 64zM0 300.4V352c0 35.3 86 64 192 64s192-28.7 192-64v-51.6c-41.3 34-116.9 51.6-192 51.6S41.3 334.4 0 300.4zm416 11c57.3-11.1 96-31.7 96-55.4v-42.7c-23.2 16.4-57.3 27.6-96 34.5v63.6zM192 160C86 160 0 195.8 0 240s86 80 192 80 192-35.8 192-80-86-80-192-80zm219.3 56.3c60-10.8 100.7-32 100.7-56.3v-42.7c-35.5 25.1-96.5 38.6-160.7 41.8 29.5 14.3 51.2 33.5 60 57.2z\"><\/path><\/svg><\/span><span class=\"gb-headline-text\">Ger\u00e7ek kazan\u00e7lar<\/span><\/h3>\n\n\n\n<p style=\"font-size:15px\">Projeniz ve i\u015fbirli\u011fimiz sonucunda ger\u00e7ek kazan\u00e7 elde edeceksiniz.<\/p>\n\n<\/div>\n<\/section>","protected":false},"excerpt":{"rendered":"<p>Blockchain ve Kripto Para Dan\u0131\u015fmanl\u0131\u011f\u0131 ve Reklamc\u0131l\u0131\u011f\u0131 Kripto para projelerinizin sosyal medyada geni\u015f kitlelere ula\u015fmas\u0131n\u0131 ve hedeflerine ula\u015fmas\u0131n\u0131 sa\u011flamak i\u00e7in bizimle \u00e7al\u0131\u015f\u0131n. Projelerinizde mutlak kar Fenomenler bizimle Projelerinizi geni\u015f kitlelere sahip sosyal medya fenomenleri, b\u00fcy\u00fck haber siteleri vb. Bir\u00e7ok platformda tan\u0131tabiliriz. En pop\u00fcler fenomenler d\u00fcnyada. Youtube b\u00fcy\u00fck kanal sahipleri. Haberler kanallar. Projenizi T\u00fcm A\u011flarda Duyural\u0131m &#8230; <a title=\"Anasayfa\" class=\"read-more\" href=\"https:\/\/globsoar.com\/tr\/\" aria-label=\"Read more about Anasayfa\">Read more<\/a><\/p>\n","protected":false},"author":1,"featured_media":0,"parent":0,"menu_order":0,"comment_status":"closed","ping_status":"closed","template":"","meta":{"footnotes":""},"class_list":["post-1520","page","type-page","status-publish"],"_links":{"self":[{"href":"https:\/\/globsoar.com\/tr\/wp-json\/wp\/v2\/pages\/1520","targetHints":{"allow":["GET"]}}],"collection":[{"href":"https:\/\/globsoar.com\/tr\/wp-json\/wp\/v2\/pages"}],"about":[{"href":"https:\/\/globsoar.com\/tr\/wp-json\/wp\/v2\/types\/page"}],"author":[{"embeddable":true,"href":"https:\/\/globsoar.com\/tr\/wp-json\/wp\/v2\/users\/1"}],"replies":[{"embeddable":true,"href":"https:\/\/globsoar.com\/tr\/wp-json\/wp\/v2\/comments?post=1520"}],"version-history":[{"count":15,"href":"https:\/\/globsoar.com\/tr\/wp-json\/wp\/v2\/pages\/1520\/revisions"}],"predecessor-version":[{"id":1804,"href":"https:\/\/globsoar.com\/tr\/wp-json\/wp\/v2\/pages\/1520\/revisions\/1804"}],"wp:attachment":[{"href":"https:\/\/globsoar.com\/tr\/wp-json\/wp\/v2\/media?parent=1520"}],"curies":[{"name":"wp","href":"https:\/\/api.w.org\/{rel}","templated":true}]}}